{"id":19,"date":"2025-07-23T13:35:56","date_gmt":"2025-07-23T11:35:56","guid":{"rendered":"https:\/\/www.hornibranatelc.cz\/?page_id=19"},"modified":"2025-07-25T09:54:33","modified_gmt":"2025-07-25T07:54:33","slug":"rezervace","status":"publish","type":"page","link":"https:\/\/www.hornibranatelc.cz\/?page_id=19","title":{"rendered":"Rezervace"},"content":{"rendered":"\n<p>Pro rezervaci pros\u00edm volejte na + 420 602 949 253. Dostupn\u00e9 term\u00edny ubytov\u00e1n\u00ed m\u016f\u017eete zkontrolovat na str\u00e1nk\u00e1ch <a href=\"https:\/\/www.booking.com\/hotel\/cz\/apartman-horni-brana-telc.cs.html\">Booking.com<\/a><\/p>\n\n\n\n<p><\/p>\n","protected":false},"excerpt":{"rendered":"<p>Pro rezervaci pros\u00edm volejte na + 420 602 949 253. Dostupn\u00e9 term\u00edny ubytov\u00e1n\u00ed m\u016f\u017eete zkontrolovat &#8230; <\/p>\n<div class=\"text-center\"><a class=\"theme-btn\" href=\"https:\/\/www.hornibranatelc.cz\/?page_id=19\">Read More<\/a><\/div>\n","protected":false},"author":1,"featured_media":0,"parent":0,"menu_order":0,"comment_status":"closed","ping_status":"closed","template":"","meta":{"footnotes":""},"class_list":["post-19","page","type-page","status-publish","hentry"],"_links":{"self":[{"href":"https:\/\/www.hornibranatelc.cz\/index.php?rest_route=\/wp\/v2\/pages\/19","targetHints":{"allow":["GET"]}}],"collection":[{"href":"https:\/\/www.hornibranatelc.cz\/index.php?rest_route=\/wp\/v2\/pages"}],"about":[{"href":"https:\/\/www.hornibranatelc.cz\/index.php?rest_route=\/wp\/v2\/types\/page"}],"author":[{"embeddable":true,"href":"https:\/\/www.hornibranatelc.cz\/index.php?rest_route=\/wp\/v2\/users\/1"}],"replies":[{"embeddable":true,"href":"https:\/\/www.hornibranatelc.cz\/index.php?rest_route=%2Fwp%2Fv2%2Fcomments&post=19"}],"version-history":[{"count":3,"href":"https:\/\/www.hornibranatelc.cz\/index.php?rest_route=\/wp\/v2\/pages\/19\/revisions"}],"predecessor-version":[{"id":113,"href":"https:\/\/www.hornibranatelc.cz\/index.php?rest_route=\/wp\/v2\/pages\/19\/revisions\/113"}],"wp:attachment":[{"href":"https:\/\/www.hornibranatelc.cz\/index.php?rest_route=%2Fwp%2Fv2%2Fmedia&parent=19"}],"curies":[{"name":"wp","href":"https:\/\/api.w.org\/{rel}","templated":true}]}}