{"id":2,"date":"2025-07-04T13:49:06","date_gmt":"2025-07-04T11:49:06","guid":{"rendered":"https:\/\/www.hornibranatelc.cz\/?page_id=2"},"modified":"2025-07-23T14:34:56","modified_gmt":"2025-07-23T12:34:56","slug":"zkusebni-stranka","status":"publish","type":"page","link":"https:\/\/www.hornibranatelc.cz\/","title":{"rendered":"V\u00edtejte na str\u00e1nk\u00e1ch apartm\u00e1nu Horn\u00ed Br\u00e1na v Tel\u010di"},"content":{"rendered":"\n<p>Ubytov\u00e1n\u00ed v ojedin\u011bl\u00e9m historick\u00e9m objektu v centru m\u011bsta Tel\u010de, sou\u010d\u00e1st m\u011bstsk\u00e9 pam\u00e1tkov\u00e9 rezervace zapsan\u00e9 na seznamu UNESCO.<\/p>\n\n\n\n<ul class=\"wp-block-list\">\n<li>apartm\u00e1n m\u00e1 2 lo\u017enice, 1 koupelna s vanou, lo\u017en\u00ed pr\u00e1dlo, ru\u010dn\u00edky, TV s plochou obrazovkou, kuchy\u0148sk\u00fd kout s kompletn\u00edm vybaven\u00edm<\/li>\n\n\n\n<li>bezplatn\u00e1 Wi-Fi<\/li>\n\n\n\n<li>terasa s v\u00fdhledem na m\u011bsto<\/li>\n\n\n\n<li>pokud budete cht\u00edt poznat zdej\u0161\u00ed oblast, m\u016f\u017eete se v okol\u00ed v\u011bnovat p\u011b\u0161\u00ed turistice<\/li>\n<\/ul>\n\n\n<div class=\"wp-block-image\">\n<figure class=\"aligncenter size-medium\"><img loading=\"lazy\" decoding=\"async\" width=\"300\" height=\"300\" src=\"https:\/\/www.hornibranatelc.cz\/wp-content\/uploads\/2025\/07\/283903315-300x300.jpg\" alt=\"\" class=\"wp-image-33\" srcset=\"https:\/\/www.hornibranatelc.cz\/wp-content\/uploads\/2025\/07\/283903315-300x300.jpg 300w, https:\/\/www.hornibranatelc.cz\/wp-content\/uploads\/2025\/07\/283903315-150x150.jpg 150w, https:\/\/www.hornibranatelc.cz\/wp-content\/uploads\/2025\/07\/283903315.jpg 768w\" sizes=\"auto, (max-width: 300px) 100vw, 300px\" \/><\/figure>\n<\/div>","protected":false},"excerpt":{"rendered":"<p>Ubytov\u00e1n\u00ed v ojedin\u011bl\u00e9m historick\u00e9m objektu v centru m\u011bsta Tel\u010de, sou\u010d\u00e1st m\u011bstsk\u00e9 pam\u00e1tkov\u00e9 rezervace zapsan\u00e9 na &#8230; <\/p>\n<div class=\"text-center\"><a class=\"theme-btn\" href=\"https:\/\/www.hornibranatelc.cz\/\">Read More<\/a><\/div>\n","protected":false},"author":1,"featured_media":0,"parent":0,"menu_order":0,"comment_status":"closed","ping_status":"open","template":"","meta":{"footnotes":""},"class_list":["post-2","page","type-page","status-publish","hentry"],"_links":{"self":[{"href":"https:\/\/www.hornibranatelc.cz\/index.php?rest_route=\/wp\/v2\/pages\/2","targetHints":{"allow":["GET"]}}],"collection":[{"href":"https:\/\/www.hornibranatelc.cz\/index.php?rest_route=\/wp\/v2\/pages"}],"about":[{"href":"https:\/\/www.hornibranatelc.cz\/index.php?rest_route=\/wp\/v2\/types\/page"}],"author":[{"embeddable":true,"href":"https:\/\/www.hornibranatelc.cz\/index.php?rest_route=\/wp\/v2\/users\/1"}],"replies":[{"embeddable":true,"href":"https:\/\/www.hornibranatelc.cz\/index.php?rest_route=%2Fwp%2Fv2%2Fcomments&post=2"}],"version-history":[{"count":5,"href":"https:\/\/www.hornibranatelc.cz\/index.php?rest_route=\/wp\/v2\/pages\/2\/revisions"}],"predecessor-version":[{"id":79,"href":"https:\/\/www.hornibranatelc.cz\/index.php?rest_route=\/wp\/v2\/pages\/2\/revisions\/79"}],"wp:attachment":[{"href":"https:\/\/www.hornibranatelc.cz\/index.php?rest_route=%2Fwp%2Fv2%2Fmedia&parent=2"}],"curies":[{"name":"wp","href":"https:\/\/api.w.org\/{rel}","templated":true}]}}