{"id":51,"date":"2025-07-23T13:56:31","date_gmt":"2025-07-23T11:56:31","guid":{"rendered":"https:\/\/www.hornibranatelc.cz\/?page_id=51"},"modified":"2025-07-23T14:39:13","modified_gmt":"2025-07-23T12:39:13","slug":"vitejte-na-strankach-apartmanu-horni-brana-v-telci-english","status":"publish","type":"page","link":"https:\/\/www.hornibranatelc.cz\/?lang=en","title":{"rendered":"Welcome to the Horn\u00ed Br\u00e1na Apartment in Tel\u010d"},"content":{"rendered":"\n<p>Accommodation in a unique historical building in the center of Tel\u010d, part of a UNESCO-listed urban conservation area.<\/p>\n\n\n\n<ul class=\"wp-block-list\">\n<li>The apartment has 2 bedrooms, 1 bathroom with a bathtub, bed linen, towels, a flat-screen TV, and a fully equipped kitchenette<\/li>\n\n\n\n<li>Free Wi-Fi<\/li>\n\n\n\n<li>Terrace with a view of the town<\/li>\n\n\n\n<li>If you\u2019d like to explore the area, you can go hiking in the surroundings<\/li>\n<\/ul>\n\n\n<div class=\"wp-block-image\">\n<figure class=\"aligncenter size-medium\"><img loading=\"lazy\" decoding=\"async\" width=\"300\" height=\"300\" src=\"https:\/\/www.hornibranatelc.cz\/wp-content\/uploads\/2025\/07\/283903315-300x300.jpg\" alt=\"\" class=\"wp-image-33\" srcset=\"https:\/\/www.hornibranatelc.cz\/wp-content\/uploads\/2025\/07\/283903315-300x300.jpg 300w, https:\/\/www.hornibranatelc.cz\/wp-content\/uploads\/2025\/07\/283903315-150x150.jpg 150w, https:\/\/www.hornibranatelc.cz\/wp-content\/uploads\/2025\/07\/283903315.jpg 768w\" sizes=\"auto, (max-width: 300px) 100vw, 300px\" \/><\/figure>\n<\/div>","protected":false},"excerpt":{"rendered":"<p>Accommodation in a unique historical building in the center of Tel\u010d, part of a UNESCO-listed &#8230; <\/p>\n<div class=\"text-center\"><a class=\"theme-btn\" href=\"https:\/\/www.hornibranatelc.cz\/?lang=en\">Read More<\/a><\/div>\n","protected":false},"author":1,"featured_media":0,"parent":0,"menu_order":0,"comment_status":"closed","ping_status":"closed","template":"","meta":{"footnotes":""},"class_list":["post-51","page","type-page","status-publish","hentry"],"_links":{"self":[{"href":"https:\/\/www.hornibranatelc.cz\/index.php?rest_route=\/wp\/v2\/pages\/51","targetHints":{"allow":["GET"]}}],"collection":[{"href":"https:\/\/www.hornibranatelc.cz\/index.php?rest_route=\/wp\/v2\/pages"}],"about":[{"href":"https:\/\/www.hornibranatelc.cz\/index.php?rest_route=\/wp\/v2\/types\/page"}],"author":[{"embeddable":true,"href":"https:\/\/www.hornibranatelc.cz\/index.php?rest_route=\/wp\/v2\/users\/1"}],"replies":[{"embeddable":true,"href":"https:\/\/www.hornibranatelc.cz\/index.php?rest_route=%2Fwp%2Fv2%2Fcomments&post=51"}],"version-history":[{"count":2,"href":"https:\/\/www.hornibranatelc.cz\/index.php?rest_route=\/wp\/v2\/pages\/51\/revisions"}],"predecessor-version":[{"id":82,"href":"https:\/\/www.hornibranatelc.cz\/index.php?rest_route=\/wp\/v2\/pages\/51\/revisions\/82"}],"wp:attachment":[{"href":"https:\/\/www.hornibranatelc.cz\/index.php?rest_route=%2Fwp%2Fv2%2Fmedia&parent=51"}],"curies":[{"name":"wp","href":"https:\/\/api.w.org\/{rel}","templated":true}]}}