{"id":52,"date":"2025-07-23T13:56:31","date_gmt":"2025-07-23T11:56:31","guid":{"rendered":"https:\/\/www.hornibranatelc.cz\/?page_id=52"},"modified":"2025-07-23T14:42:09","modified_gmt":"2025-07-23T12:42:09","slug":"vitejte-na-strankach-apartmanu-horni-brana-v-telci-deutsch","status":"publish","type":"page","link":"https:\/\/www.hornibranatelc.cz\/?lang=de","title":{"rendered":"Willkommen auf der Webseite des Apartments Horn\u00ed Br\u00e1na in Tel\u010d"},"content":{"rendered":"\n<p>Unterkunft in einem einzigartigen historischen Geb\u00e4ude im Zentrum von Tel\u010d, Teil des UNESCO-gesch\u00fctzten Stadtdenkmals.<\/p>\n\n\n\n<ul class=\"wp-block-list\">\n<li>Die Wohnung verf\u00fcgt \u00fcber 2 Schlafzimmer, 1 Badezimmer mit Badewanne, Bettw\u00e4sche, Handt\u00fccher, einen Flachbildfernseher und eine voll ausgestattete K\u00fcchenzeile<\/li>\n\n\n\n<li>Kostenloses WLAN<\/li>\n\n\n\n<li>Terrasse mit Stadtblick<\/li>\n\n\n\n<li>Wenn Sie die Umgebung erkunden m\u00f6chten, k\u00f6nnen Sie in der N\u00e4he wandern gehen<\/li>\n<\/ul>\n\n\n<div class=\"wp-block-image\">\n<figure class=\"aligncenter size-medium\"><img loading=\"lazy\" decoding=\"async\" width=\"300\" height=\"300\" src=\"https:\/\/www.hornibranatelc.cz\/wp-content\/uploads\/2025\/07\/283903315-300x300.jpg\" alt=\"\" class=\"wp-image-33\" srcset=\"https:\/\/www.hornibranatelc.cz\/wp-content\/uploads\/2025\/07\/283903315-300x300.jpg 300w, https:\/\/www.hornibranatelc.cz\/wp-content\/uploads\/2025\/07\/283903315-150x150.jpg 150w, https:\/\/www.hornibranatelc.cz\/wp-content\/uploads\/2025\/07\/283903315.jpg 768w\" sizes=\"auto, (max-width: 300px) 100vw, 300px\" \/><\/figure>\n<\/div>","protected":false},"excerpt":{"rendered":"<p>Unterkunft in einem einzigartigen historischen Geb\u00e4ude im Zentrum von Tel\u010d, Teil des UNESCO-gesch\u00fctzten Stadtdenkmals.<\/p>\n","protected":false},"author":1,"featured_media":0,"parent":0,"menu_order":0,"comment_status":"closed","ping_status":"closed","template":"","meta":{"footnotes":""},"class_list":["post-52","page","type-page","status-publish","hentry"],"_links":{"self":[{"href":"https:\/\/www.hornibranatelc.cz\/index.php?rest_route=\/wp\/v2\/pages\/52","targetHints":{"allow":["GET"]}}],"collection":[{"href":"https:\/\/www.hornibranatelc.cz\/index.php?rest_route=\/wp\/v2\/pages"}],"about":[{"href":"https:\/\/www.hornibranatelc.cz\/index.php?rest_route=\/wp\/v2\/types\/page"}],"author":[{"embeddable":true,"href":"https:\/\/www.hornibranatelc.cz\/index.php?rest_route=\/wp\/v2\/users\/1"}],"replies":[{"embeddable":true,"href":"https:\/\/www.hornibranatelc.cz\/index.php?rest_route=%2Fwp%2Fv2%2Fcomments&post=52"}],"version-history":[{"count":1,"href":"https:\/\/www.hornibranatelc.cz\/index.php?rest_route=\/wp\/v2\/pages\/52\/revisions"}],"predecessor-version":[{"id":84,"href":"https:\/\/www.hornibranatelc.cz\/index.php?rest_route=\/wp\/v2\/pages\/52\/revisions\/84"}],"wp:attachment":[{"href":"https:\/\/www.hornibranatelc.cz\/index.php?rest_route=%2Fwp%2Fv2%2Fmedia&parent=52"}],"curies":[{"name":"wp","href":"https:\/\/api.w.org\/{rel}","templated":true}]}}