{"id":87,"date":"2025-07-23T14:45:53","date_gmt":"2025-07-23T12:45:53","guid":{"rendered":"https:\/\/www.hornibranatelc.cz\/?page_id=87"},"modified":"2025-07-25T09:56:30","modified_gmt":"2025-07-25T07:56:30","slug":"reservierung","status":"publish","type":"page","link":"https:\/\/www.hornibranatelc.cz\/?page_id=87&lang=de","title":{"rendered":"Reservierung"},"content":{"rendered":"\n<p>F\u00fcr Reservierungen rufen Sie bitte unter +420 602 949 253 an.<br>Verf\u00fcgbare Unterkunftstermine k\u00f6nnen Sie auf der Webseite von <a href=\"https:\/\/www.booking.com\/hotel\/cz\/apartman-horni-brana-telc.de.html?lang=de\">Booking.com<\/a> \u00fcberpr\u00fcfen.<\/p>\n\n\n\n<p><\/p>\n","protected":false},"excerpt":{"rendered":"<p>F\u00fcr Reservierungen rufen Sie bitte unter +420 602 949 253 an.Verf\u00fcgbare Unterkunftstermine k\u00f6nnen Sie auf &#8230; <\/p>\n<div class=\"text-center\"><a class=\"theme-btn\" href=\"https:\/\/www.hornibranatelc.cz\/?page_id=87&#038;lang=de\">Read More<\/a><\/div>\n","protected":false},"author":1,"featured_media":0,"parent":0,"menu_order":0,"comment_status":"closed","ping_status":"closed","template":"","meta":{"footnotes":""},"class_list":["post-87","page","type-page","status-publish","hentry"],"_links":{"self":[{"href":"https:\/\/www.hornibranatelc.cz\/index.php?rest_route=\/wp\/v2\/pages\/87","targetHints":{"allow":["GET"]}}],"collection":[{"href":"https:\/\/www.hornibranatelc.cz\/index.php?rest_route=\/wp\/v2\/pages"}],"about":[{"href":"https:\/\/www.hornibranatelc.cz\/index.php?rest_route=\/wp\/v2\/types\/page"}],"author":[{"embeddable":true,"href":"https:\/\/www.hornibranatelc.cz\/index.php?rest_route=\/wp\/v2\/users\/1"}],"replies":[{"embeddable":true,"href":"https:\/\/www.hornibranatelc.cz\/index.php?rest_route=%2Fwp%2Fv2%2Fcomments&post=87"}],"version-history":[{"count":2,"href":"https:\/\/www.hornibranatelc.cz\/index.php?rest_route=\/wp\/v2\/pages\/87\/revisions"}],"predecessor-version":[{"id":115,"href":"https:\/\/www.hornibranatelc.cz\/index.php?rest_route=\/wp\/v2\/pages\/87\/revisions\/115"}],"wp:attachment":[{"href":"https:\/\/www.hornibranatelc.cz\/index.php?rest_route=%2Fwp%2Fv2%2Fmedia&parent=87"}],"curies":[{"name":"wp","href":"https:\/\/api.w.org\/{rel}","templated":true}]}}